{"id":15839,"date":"2023-06-01T14:39:53","date_gmt":"2023-06-01T11:39:53","guid":{"rendered":"https:\/\/caglayanrefrigeration.com\/?page_id=15839"},"modified":"2023-06-01T14:59:14","modified_gmt":"2023-06-01T11:59:14","slug":"genel-kullanim-sartlari","status":"publish","type":"page","link":"https:\/\/caglayanrefrigeration.com\/tr\/genel-kullanim-sartlari\/","title":{"rendered":"Genel Kullan\u0131m \u015eartlar\u0131"},"content":{"rendered":"\t\t<div data-elementor-type=\"wp-page\" data-elementor-id=\"15839\" class=\"elementor elementor-15839\">\n\t\t\t\t\t\t<section class=\"wd-negative-gap elementor-section elementor-top-section elementor-element elementor-element-4b5f083 wd-section-stretch elementor-section-boxed elementor-section-height-default elementor-section-height-default\" data-id=\"4b5f083\" data-element_type=\"section\" data-e-type=\"section\">\n\t\t\t\t\t\t<div class=\"elementor-container elementor-column-gap-default\">\n\t\t\t\t\t<div class=\"elementor-column elementor-col-100 elementor-top-column elementor-element elementor-element-834a46a\" data-id=\"834a46a\" data-element_type=\"column\" data-e-type=\"column\">\n\t\t\t<div class=\"elementor-widget-wrap elementor-element-populated\">\n\t\t\t\t\t\t<div class=\"elementor-element elementor-element-ea0af30 elementor-widget elementor-widget-wd_text_block\" data-id=\"ea0af30\" data-element_type=\"widget\" data-e-type=\"widget\" data-widget_type=\"wd_text_block.default\">\n\t\t\t\t<div class=\"elementor-widget-container\">\n\t\t\t\t\t\t\t<div class=\"wd-text-block reset-last-child text-left\">\n\t\t\t\n\t\t\t<p>Ziyaret\u00e7iler, bu Web sitesine eri\u015ferek, a\u015fa\u011f\u0131daki Genel Kullan\u0131m \u015eartlar\u0131n\u0131 okudu\u011funu, anlad\u0131\u011f\u0131n\u0131 ve kabul etti\u011fini onaylam\u0131\u015f kabul edilir. Ayr\u0131ca, ge\u00e7erli t\u00fcm uygulanabilir yasalar\u0131n yan\u0131 s\u0131ra ge\u00e7erli di\u011fer kural ve ko\u015fullara da ba\u011fl\u0131 kalmay\u0131 kabul etmi\u015f say\u0131l\u0131r. Bu Genel Kullan\u0131m \u015eartlar\u0131n\u0131 anlam\u0131yor veya kabul etmiyorsan\u0131z, bu Web sitesine eri\u015fmeyi ve kullanmay\u0131 b\u0131rakmal\u0131s\u0131n\u0131z.<\/p><p>Bu Web sitesi, fabrikas\u0131 ve merkez ofisinin B\u00fcy\u00fckkayac\u0131kosb mh, 13. Sokak, No: 23\/1, 42000, Sel\u00e7uklu, Konya, T\u00fcrkiye'de kay\u0131tl\u0131 oldu\u011fu \u00c7a\u011flayan Refrigeration\u2019a (\u00c7a\u011flayan So\u011futma A.\u015e. olarak da adland\u0131r\u0131labilir) aittir. \u00c7a\u011flayan Refrigeration ayr\u0131ca Konya Ticaret Odas\u0131'na kay\u0131tl\u0131 olup, 12421 say\u0131l\u0131 vergi sicil kayd\u0131na sahiptir.<\/p><p>Bu Genel Kullan\u0131m \u015eartlar\u0131, www.caglayanrefrigeration.com ve \/ veya www.caglayansogutma.com.tr URL ba\u011flant\u0131lar\u0131 ile ula\u015f\u0131lan (her ikisi de \"Web Sitesi\" olarak an\u0131lacakt\u0131r) bu web sitesinin \u00e7e\u015fitli fonksiyonlar\u0131n\u0131n nas\u0131l kullan\u0131lmas\u0131 gerekti\u011fini a\u00e7\u0131klar ve ele al\u0131r. Web sitesine eri\u015fim yapan ki\u015filer \u201cZiyaret\u00e7i\u201d olarak an\u0131lacakt\u0131r.<\/p><h2><strong>A. Ziyaret\u00e7ilerin Genel Kullan\u0131m \u015eartlar\u0131n\u0131 Kabul\u00fc<\/strong><\/h2><p>A-1.1. Ziyaret\u00e7iler, bu Web Sitesine eri\u015ferek, ziyaret ederek ve bu Web sitesini kullanarak, t\u00fcm bu Genel Kullan\u0131m \u015eartlar\u0131n\u0131 okudu\u011funu, anlad\u0131\u011f\u0131n\u0131 ve kabul etti\u011fini tasdik etmi\u015f say\u0131l\u0131r. Bu Genel Kullan\u0131m \u015eartlar\u0131n\u0131n kabul\u00fc, Web Sitesini ziyaret etmek, gezinmek ve Web Sitesindeki bilgileri kullanmak i\u00e7in gelen Ziyaret\u00e7iler i\u00e7in zorunlu bir \u00f6nko\u015fuldur.<\/p><h2><strong>B. Web Sitesini \u0130\u00e7eri\u011finin Kullan\u0131m\u0131 ve Kapsam\u0131<\/strong><\/h2><p>B-1.1. \u0130\u00e7erik \u00c7a\u011flayan Refrigeration taraf\u0131ndan Ziyaret\u00e7ilere \u00fccretsiz sa\u011flanmaktad\u0131r. Bununla birlikte, Ziyaret\u00e7iler, Web sitesindeki \u0130\u00e7eri\u011fi bu Genel Kullan\u0131m Ko\u015fullar\u0131 taraf\u0131ndan a\u00e7\u0131k\u00e7a izin verilenden ba\u015fka bir \u015fekilde kullanmamas\u0131ndan sorumlu tutulmaktad\u0131r.<\/p><p>B-1.2. Ziyaret\u00e7iler, \u0130\u00e7eri\u011fi \u00fc\u00e7\u00fcnc\u00fc \u015fah\u0131slara kar\u015f\u0131 \u00e7o\u011faltmamak, de\u011fi\u015ftirme yapmamak, kopyalamamak, da\u011f\u0131tmamak, satmamak veya ba\u015fka bir \u015fekilde devretmemek zorundad\u0131rlar ve \u00c7a\u011flayan Refrigeration'\u0131n \u00f6nceden yaz\u0131l\u0131 izni olmadan bu Genel Kullan\u0131m \u015eartlar\u0131nda belirtilenler d\u0131\u015f\u0131ndaki ama\u00e7 ile Web sitesini kullanmamakla sorumludurlar. \u00d6zellikle Ziyaret\u00e7iler, halka \u00fccretsiz olarak sunulan \u0130\u00e7eri\u011fin gizlili\u011fini kabul eder ve bu nedenle bu gizlili\u011fe sayg\u0131 g\u00f6stermeyi ve \u0130\u00e7eri\u011fi \u00fc\u00e7\u00fcnc\u00fc taraflara if\u015fa etmemeyi a\u00e7\u0131k\u00e7a kabul eder.<\/p><p>Ziyaret\u00e7iler ayr\u0131ca bu y\u00fck\u00fcml\u00fcl\u00fc\u011f\u00fc ve gizlili\u011fi ortaklar\u0131na, birlikte \u00e7al\u0131\u015ft\u0131klar\u0131 ki\u015filere ve \u00e7al\u0131\u015fanlar\u0131na bildirmelidir.<\/p><p>B-1.3. Ziyaret\u00e7iler, Web Sitesini, \u0130\u00e7eri\u011fini ve Web Sitesinde yer alan di\u011fer t\u00fcm veri ve \/ veya bilgileri, yaln\u0131zca yasal ama\u00e7larla, bu Genel Kullan\u0131m Ko\u015fullar\u0131na ve ge\u00e7erli yasalar\u0131n h\u00fck\u00fcmlerine uygun olarak kullanmay\u0131 garanti eder.<\/p><p>B-1.4. Aksi belirtilmedi\u011fi s\u00fcrece, Web Sitesinde g\u00f6sterilen bilgiler bir s\u00f6zle\u015fmenin temelini veya \u00fcr\u00fcnlerin \u00c7a\u011flayan Refrigeration izni d\u0131\u015f\u0131nda halka arz edilmesini ya da m\u00fczakere, fiyat teklifleri veya i\u015f ili\u015fkileri amac\u0131yla ba\u011flay\u0131c\u0131 say\u0131lamaz ve kabul edilemez.<\/p><p>B-1.5. Genel olarak i\u015faretlenmi\u015f ve halka a\u00e7\u0131k olarak belirtilmi\u015f \u0130\u00e7eriklerin ve di\u011fer belgelerin, kamuya a\u00e7\u0131k yaz\u0131\u015fmalarda, \u00c7a\u011flayan Refrigeration\u2019\u0131n ticari marka, telif hakk\u0131 yasas\u0131 veya di\u011fer yasal d\u00fczenlemelerle korunan haklar\u0131na zarar vermeyecek \u015fekilde ve durumlarda kullan\u0131labilir. Bu t\u00fcr \u0130\u00e7eriklerin kullan\u0131m\u0131 tamamen kullan\u0131c\u0131n\u0131n sorumlulu\u011fundad\u0131r.<\/p><h2><strong>C. Gizlilik<\/strong><\/h2><p>C-1.1. T\u00fcm ki\u015fisel veriler, ge\u00e7erli veri koruma yasalar\u0131na ve \u00c7a\u011flayan Refrigeration Gizlilik Politikas\u0131'na uygun olarak toplan\u0131r, saklan\u0131r, i\u015flenir ve kullan\u0131l\u0131r. \u00c7a\u011flayan Refrigeration Gizlilik Politikas\u0131 hakk\u0131nda daha fazla bilgi edinmek i\u00e7in l\u00fctfen buraya t\u0131klay\u0131n.<\/p><h2><strong>D. Fikri M\u00fclkiyet<\/strong><\/h2><p>D-1.1. \"\u00c7a\u011flayan Refrigeration\" ve\/veya \"\u00c7a\u011flayan Refrigeration\" markas\u0131, ticari \u00fcnvan\u0131 ve logolar\u0131, \u00c7a\u011flayan Refrigeration ve \u00c7a\u011flayan Refrigeration (\"Ticari Marka\" olarak adland\u0131r\u0131lacakt\u0131r) taraf\u0131ndan yasal mevzuat \u00e7er\u00e7evesinde tescil edilmi\u015f ve yasal koruma alt\u0131ndad\u0131r. Grafik semboller, \u00e7izimler, teknik \u00e7izimler, tasar\u0131mlar ve bu \u0130nternet Sitesinin \u0130\u00e7eri\u011fi S\u0131nai M\u00fclkiyet Kanunu ve yasalalarla korunmaktad\u0131r ve m\u00fclkiyet hakk\u0131 \u00c7a\u011flayan Refrigeration\u2019na aittir.<\/p><p>D-1.2. Web sitesine eri\u015fim, Ziyaret\u00e7ilerin Web Sitesinin \u0130\u00e7eri\u011fi ile ilgili Ticari Marka, isim, logo, marka ve marka ile alakal\u0131 bilgileri kullanma hakk\u0131 vermez. Ticari Marka ve \u0130\u00e7eri\u011fin g\u00f6r\u00fcnt\u00fclenmesi, indirilmesi ve bas\u0131lmas\u0131, yaln\u0131zca Web Sitesinin kullan\u0131m\u0131yla ilgili ama\u00e7larla yap\u0131labilir. \u00c7a\u011flayan Refrigeration\u2019\u0131n \u00f6nceden yaz\u0131l\u0131 onay\u0131 olmadan, Ticari Marka veya \u0130\u00e7eri\u011fin herhangi bir \u015fekilde kopyalanmas\u0131, \u00e7o\u011falt\u0131lmas\u0131, da\u011f\u0131t\u0131lmas\u0131, yay\u0131nlanmas\u0131, indirilmesi, g\u00f6r\u00fcnt\u00fclenmesi, elektronik yollarla g\u00f6nderilmesi, iletilmesi, kaydedilmesi, kopyalanmas\u0131, fotokopisi veya \u00e7o\u011falt\u0131lmas\u0131 yasakt\u0131r. \u015eirket politikas\u0131 gere\u011fince bu t\u00fcrden yap\u0131lacak i\u015flem ve eylemler ile ilgili olarak S\u0131nai M\u00fclkiyet Kanunu, T\u00fcrk Ticaret Kanunu ve genel mevzuat gere\u011fince \u015firket taraf\u0131ndan hukuki a\u00e7\u0131dan m\u00fccadele edilecektir.<\/p><h2><strong>E. Garantiler ve Sorumluluklar<\/strong><\/h2><p>E-1.1. Ziyaret\u00e7iler, Web Sitesini kendi riskleri alt\u0131nda kulland\u0131klar\u0131n\u0131 kabul eder. Web sitesi \"oldu\u011fu gibi\" ve \"mevcut oldu\u011fu s\u00fcrece\" sa\u011flanmaktad\u0131r. \u00c7a\u011flayan Refrigeration, Web Sitesi ve \u0130\u00e7eri\u011fi kullan\u0131larak beklenebilecek, istenebilecek veya elde edilebilecek sonu\u00e7lara y\u00f6nelik \u00f6zel bir garanti vermemektedir.<\/p><p>E-1.2. \u00c7a\u011flayan Refrigeration, Ziyaret\u00e7ilerin Web sitesinin kullan\u0131m\u0131n\u0131n imkans\u0131zl\u0131\u011f\u0131 ile ilgili herhangi bir nedenle ve \u0130\u00e7eri\u011fe herhangi bir sebeple eri\u015febilmesi konusundaki t\u00fcm sorumluluklar\u0131n\u0131 reddetmektedir.<\/p><p>E-1.3. \u00c7a\u011flayan Refrigeration, \u0130\u00e7eri\u011fin (veya \u0130\u00e7eri\u011fin herhangi bir b\u00f6l\u00fcm\u00fcn\u00fcn) ge\u00e7ici veya kal\u0131c\u0131 olarak herhangi bir zamanda \u00e7\u0131kar\u0131lmas\u0131, silinmesi ve \/ veya de\u011fi\u015ftirilmesi hakk\u0131n\u0131 sakl\u0131 tutar. Ziyaret\u00e7ilerin herhangi bir \u015fekilde bilgiye eri\u015fimi durmas\u0131 halinde, \u00c7a\u011flayan Refrigeration\u2019\u0131n Ziyaret\u00e7ilere veya herhangi bir \u00fc\u00e7\u00fcnc\u00fc tarafa kar\u015f\u0131 sorumlu tutulamayaca\u011f\u0131n\u0131 kabul etmi\u015f say\u0131l\u0131rlar.<\/p><p>E-1.4. \u00c7a\u011flayan Refrigeration\u2019\u0131n tedarik\u00e7ileri taraf\u0131ndan do\u011frudan verilen ve Web Sitesinde sunulan \u00fcr\u00fcnlerle alakal\u0131 bilgiler \u00c7a\u011flayan Refrigeration\u2019\u0131n sorumlulu\u011funda de\u011fildir. Bu t\u00fcr bilgileri sa\u011flayan taraflar, payla\u015f\u0131lan bilgilerin i\u00e7eri\u011fi, \u00f6zellikleri ve a\u00e7\u0131klamalar\u0131n\u0131n tam ve m\u00fcnhas\u0131r sorumlulu\u011fundan sorumludur. Dolay\u0131s\u0131yla \u00c7a\u011flayan Refrigeration, bu taraflardan kaynaklanan yanl\u0131\u015fl\u0131klardan sorumlu tutulamaz. \u00c7a\u011flayan Refrigeration, Web sitesi arac\u0131l\u0131\u011f\u0131yla tedarik\u00e7iler taraf\u0131ndan a\u00e7\u0131klanan veya sunulan bilgi ama\u00e7l\u0131 i\u00e7erik, i\u00e7erik konusunda dolayl\u0131 ve \/ veya dolays\u0131z hi\u00e7bir garanti vermemektedir.<\/p><p>E-1.5. \u00c7a\u011flayan Refrigeration, Web sitesinde yer alan, i\u00e7 ve d\u0131\u015f kaynaklardan sa\u011flanm\u0131\u015f bilgilerin profesyonel ama\u00e7lar i\u00e7in profesyonelce kullan\u0131laca\u011f\u0131 inanc\u0131na sahiptir.<\/p><p>E-1.6. \u00c7a\u011flayan Refrigeration Web Sitesinde ve Web Sitesinde bulunan \u0130\u00e7eri\u011fin vir\u00fcs veya di\u011fer zararl\u0131 i\u00e7eriklerden ar\u0131nd\u0131r\u0131lm\u0131\u015f oldu\u011funu garanti etmez ve Ziyaret\u00e7inin bu konu ile ilgili ya\u015fad\u0131\u011f\u0131 veya ya\u015fayaca\u011f\u0131hi\u00e7bir sorumlulu\u011fu \u00fcstlenmez. \u0130ndirilen \u0130\u00e7eri\u011fi kullanmadan \u00f6nce taraman\u0131z \u00f6nerilir.<\/p><h2><strong>F. Web Sitesindeki Linkler<\/strong><\/h2><p>F-1.1. Bu Web sitesi, di\u011fer web sitelerine ve \/ veya di\u011fer \u0130nternet kaynaklar\u0131na (\"D\u0131\u015f Kaynaklar\") ba\u011flant\u0131lar i\u00e7erebilir. Ziyaret\u00e7i, \u00c7a\u011flayan Refrigeration\u2019\u0131n D\u0131\u015f Kaynaklar\u0131n d\u00fczg\u00fcn bir \u015fekilde \u00e7al\u0131\u015fmamas\u0131ndan hi\u00e7bir \u015fekilde sorumlu tutulmayaca\u011f\u0131n\u0131 kabul ve beyan eder. \u00dc\u00e7\u00fcnc\u00fc taraf web sitelerinin i\u00e7eri\u011fi ve yap\u0131land\u0131rmas\u0131 \u00fczerinde hi\u00e7bir etkimiz yoktur. Veri koruma beyan\u0131m\u0131z bu web siteleri i\u00e7in ge\u00e7erli de\u011fildir.<\/p><p>F-1.2. \u00c7a\u011flayan Refrigeration, D\u0131\u015f Kaynaklar\u0131n veya Web Sitesindeki linklerle eri\u015filen di\u011fer sitelerin i\u00e7eri\u011fini g\u00f6zetmek zorunda de\u011fildir. Bu nedenle, bu Web Sitesinde sunulan \u00fcr\u00fcnler ve i\u00e7erikler d\u0131\u015f\u0131nda yer alan i\u00e7eri\u011fin hi\u00e7bir sorumlulu\u011funu kabul etmez.<\/p><h2><strong>G. Web Sitesindeki De\u011fi\u015fiklikler<\/strong><\/h2><p>G-1.1. \u00c7a\u011flayan Refrigeration, herhangi bir zamanda ve \u00f6nceden haber vermeksizin Web Sitesinde ve \/ veya \u0130\u00e7eri\u011finde de\u011fi\u015fiklik veya ekleme yapma hakk\u0131n\u0131 sakl\u0131 tutar.<\/p><p>Bu Genel Kullan\u0131m \u015eartlar\u0131, Web Sitesi ve \u0130\u00e7eri\u011fin kullan\u0131m\u0131 ile ilgili t\u00fcm soru ve anla\u015fmazl\u0131klar yaln\u0131zca T\u00fcrkiye Cumhuriyeti yasalar\u0131na tabidir. Ziyaret\u00e7iler ve \u00c7a\u011flayan Refrigeration aras\u0131nda, bu Genel Kullan\u0131m \u015eartlar\u0131n\u0131n ve \/ veya bu Web Sitesinin ve \u0130\u00e7eri\u011finin kullan\u0131lmas\u0131 ile ilgili herhangi bir tart\u0131\u015fman\u0131n icras\u0131 ile ilgili herhangi bir anla\u015fmazl\u0131k sadece Konya mahkemeleri taraf\u0131ndan belirlenir.<\/p>\n\t\t\t\t\t<\/div>\n\t\t\t\t\t\t<\/div>\n\t\t\t\t<\/div>\n\t\t\t\t\t<\/div>\n\t\t<\/div>\n\t\t\t\t\t<\/div>\n\t\t<\/section>\n\t\t\t\t<\/div>\n\t\t","protected":false},"excerpt":{"rendered":"<p>Ziyaret\u00e7iler, bu Web sitesine eri\u015ferek, a\u015fa\u011f\u0131daki Genel Kullan\u0131m \u015eartlar\u0131n\u0131 okudu\u011funu, anlad\u0131\u011f\u0131n\u0131 ve kabul etti\u011fini onaylam\u0131\u015f kabul edilir. Ayr\u0131ca, ge\u00e7erli t\u00fcm<\/p>\n","protected":false},"author":1,"featured_media":0,"parent":0,"menu_order":0,"comment_status":"closed","ping_status":"closed","template":"elementor_header_footer","meta":{"footnotes":""},"class_list":["post-15839","page","type-page","status-publish","hentry"],"yoast_head":"<!-- This site is optimized with the Yoast SEO plugin v27.5 - https:\/\/yoast.com\/product\/yoast-seo-wordpress\/ -->\n<title>Genel Kullan\u0131m \u015eartlar\u0131 - \u00c7a\u011flayan Refrigeration<\/title>\n<meta name=\"robots\" content=\"index, follow, max-snippet:-1, max-image-preview:large, max-video-preview:-1\" \/>\n<link rel=\"canonical\" href=\"https:\/\/caglayanrefrigeration.com\/tr\/genel-kullanim-sartlari\/\" \/>\n<meta property=\"og:locale\" content=\"tr_TR\" \/>\n<meta property=\"og:type\" content=\"article\" \/>\n<meta property=\"og:title\" content=\"Genel Kullan\u0131m \u015eartlar\u0131 - \u00c7a\u011flayan Refrigeration\" \/>\n<meta property=\"og:description\" content=\"Ziyaret\u00e7iler, bu Web sitesine eri\u015ferek, a\u015fa\u011f\u0131daki Genel Kullan\u0131m \u015eartlar\u0131n\u0131 okudu\u011funu, anlad\u0131\u011f\u0131n\u0131 ve kabul etti\u011fini onaylam\u0131\u015f kabul edilir. Ayr\u0131ca, ge\u00e7erli t\u00fcm\" \/>\n<meta property=\"og:url\" content=\"https:\/\/caglayanrefrigeration.com\/tr\/genel-kullanim-sartlari\/\" \/>\n<meta property=\"og:site_name\" content=\"\u00c7a\u011flayan Refrigeration\" \/>\n<meta property=\"article:modified_time\" content=\"2023-06-01T11:59:14+00:00\" \/>\n<meta name=\"twitter:card\" content=\"summary_large_image\" \/>\n<meta name=\"twitter:site\" content=\"@caglayansogutma\" \/>\n<meta name=\"twitter:label1\" content=\"Tahmini okuma s\u00fcresi\" \/>\n\t<meta name=\"twitter:data1\" content=\"7 dakika\" \/>\n<script type=\"application\/ld+json\" class=\"yoast-schema-graph\">{\"@context\":\"https:\\\/\\\/schema.org\",\"@graph\":[{\"@type\":\"WebPage\",\"@id\":\"https:\\\/\\\/caglayanrefrigeration.com\\\/tr\\\/genel-kullanim-sartlari\\\/\",\"url\":\"https:\\\/\\\/caglayanrefrigeration.com\\\/tr\\\/genel-kullanim-sartlari\\\/\",\"name\":\"Genel Kullan\u0131m \u015eartlar\u0131 - \u00c7a\u011flayan Refrigeration\",\"isPartOf\":{\"@id\":\"https:\\\/\\\/caglayanrefrigeration.com\\\/#website\"},\"datePublished\":\"2023-06-01T11:39:53+00:00\",\"dateModified\":\"2023-06-01T11:59:14+00:00\",\"breadcrumb\":{\"@id\":\"https:\\\/\\\/caglayanrefrigeration.com\\\/tr\\\/genel-kullanim-sartlari\\\/#breadcrumb\"},\"inLanguage\":\"tr\",\"potentialAction\":[{\"@type\":\"ReadAction\",\"target\":[\"https:\\\/\\\/caglayanrefrigeration.com\\\/tr\\\/genel-kullanim-sartlari\\\/\"]}]},{\"@type\":\"BreadcrumbList\",\"@id\":\"https:\\\/\\\/caglayanrefrigeration.com\\\/tr\\\/genel-kullanim-sartlari\\\/#breadcrumb\",\"itemListElement\":[{\"@type\":\"ListItem\",\"position\":1,\"name\":\"Home\",\"item\":\"https:\\\/\\\/caglayanrefrigeration.com\\\/\"},{\"@type\":\"ListItem\",\"position\":2,\"name\":\"Genel Kullan\u0131m \u015eartlar\u0131\"}]},{\"@type\":\"WebSite\",\"@id\":\"https:\\\/\\\/caglayanrefrigeration.com\\\/#website\",\"url\":\"https:\\\/\\\/caglayanrefrigeration.com\\\/\",\"name\":\"\u00c7a\u011flayan Refrigeration\",\"description\":\"\u00c7a\u011flayan So\u011futma\",\"publisher\":{\"@id\":\"https:\\\/\\\/caglayanrefrigeration.com\\\/#organization\"},\"potentialAction\":[{\"@type\":\"SearchAction\",\"target\":{\"@type\":\"EntryPoint\",\"urlTemplate\":\"https:\\\/\\\/caglayanrefrigeration.com\\\/?s={search_term_string}\"},\"query-input\":{\"@type\":\"PropertyValueSpecification\",\"valueRequired\":true,\"valueName\":\"search_term_string\"}}],\"inLanguage\":\"tr\"},{\"@type\":\"Organization\",\"@id\":\"https:\\\/\\\/caglayanrefrigeration.com\\\/#organization\",\"name\":\"\u00c7a\u011flayan Refrigeration\",\"url\":\"https:\\\/\\\/caglayanrefrigeration.com\\\/\",\"logo\":{\"@type\":\"ImageObject\",\"inLanguage\":\"tr\",\"@id\":\"https:\\\/\\\/caglayanrefrigeration.com\\\/#\\\/schema\\\/logo\\\/image\\\/\",\"url\":\"https:\\\/\\\/caglayanrefrigeration.com\\\/wp-content\\\/uploads\\\/2023\\\/02\\\/logo_white.png\",\"contentUrl\":\"https:\\\/\\\/caglayanrefrigeration.com\\\/wp-content\\\/uploads\\\/2023\\\/02\\\/logo_white.png\",\"width\":270,\"height\":77,\"caption\":\"\u00c7a\u011flayan Refrigeration\"},\"image\":{\"@id\":\"https:\\\/\\\/caglayanrefrigeration.com\\\/#\\\/schema\\\/logo\\\/image\\\/\"},\"sameAs\":[\"https:\\\/\\\/x.com\\\/caglayansogutma\",\"https:\\\/\\\/www.instagram.com\\\/caglayanrefrigeration\\\/\"]}]}<\/script>\n<!-- \/ Yoast SEO plugin. -->","yoast_head_json":{"title":"Genel Kullan\u0131m \u015eartlar\u0131 - \u00c7a\u011flayan Refrigeration","robots":{"index":"index","follow":"follow","max-snippet":"max-snippet:-1","max-image-preview":"max-image-preview:large","max-video-preview":"max-video-preview:-1"},"canonical":"https:\/\/caglayanrefrigeration.com\/tr\/genel-kullanim-sartlari\/","og_locale":"tr_TR","og_type":"article","og_title":"Genel Kullan\u0131m \u015eartlar\u0131 - \u00c7a\u011flayan Refrigeration","og_description":"Ziyaret\u00e7iler, bu Web sitesine eri\u015ferek, a\u015fa\u011f\u0131daki Genel Kullan\u0131m \u015eartlar\u0131n\u0131 okudu\u011funu, anlad\u0131\u011f\u0131n\u0131 ve kabul etti\u011fini onaylam\u0131\u015f kabul edilir. Ayr\u0131ca, ge\u00e7erli t\u00fcm","og_url":"https:\/\/caglayanrefrigeration.com\/tr\/genel-kullanim-sartlari\/","og_site_name":"\u00c7a\u011flayan Refrigeration","article_modified_time":"2023-06-01T11:59:14+00:00","twitter_card":"summary_large_image","twitter_site":"@caglayansogutma","twitter_misc":{"Tahmini okuma s\u00fcresi":"7 dakika"},"schema":{"@context":"https:\/\/schema.org","@graph":[{"@type":"WebPage","@id":"https:\/\/caglayanrefrigeration.com\/tr\/genel-kullanim-sartlari\/","url":"https:\/\/caglayanrefrigeration.com\/tr\/genel-kullanim-sartlari\/","name":"Genel Kullan\u0131m \u015eartlar\u0131 - \u00c7a\u011flayan Refrigeration","isPartOf":{"@id":"https:\/\/caglayanrefrigeration.com\/#website"},"datePublished":"2023-06-01T11:39:53+00:00","dateModified":"2023-06-01T11:59:14+00:00","breadcrumb":{"@id":"https:\/\/caglayanrefrigeration.com\/tr\/genel-kullanim-sartlari\/#breadcrumb"},"inLanguage":"tr","potentialAction":[{"@type":"ReadAction","target":["https:\/\/caglayanrefrigeration.com\/tr\/genel-kullanim-sartlari\/"]}]},{"@type":"BreadcrumbList","@id":"https:\/\/caglayanrefrigeration.com\/tr\/genel-kullanim-sartlari\/#breadcrumb","itemListElement":[{"@type":"ListItem","position":1,"name":"Home","item":"https:\/\/caglayanrefrigeration.com\/"},{"@type":"ListItem","position":2,"name":"Genel Kullan\u0131m \u015eartlar\u0131"}]},{"@type":"WebSite","@id":"https:\/\/caglayanrefrigeration.com\/#website","url":"https:\/\/caglayanrefrigeration.com\/","name":"\u00c7a\u011flayan Refrigeration","description":"\u00c7a\u011flayan So\u011futma","publisher":{"@id":"https:\/\/caglayanrefrigeration.com\/#organization"},"potentialAction":[{"@type":"SearchAction","target":{"@type":"EntryPoint","urlTemplate":"https:\/\/caglayanrefrigeration.com\/?s={search_term_string}"},"query-input":{"@type":"PropertyValueSpecification","valueRequired":true,"valueName":"search_term_string"}}],"inLanguage":"tr"},{"@type":"Organization","@id":"https:\/\/caglayanrefrigeration.com\/#organization","name":"\u00c7a\u011flayan Refrigeration","url":"https:\/\/caglayanrefrigeration.com\/","logo":{"@type":"ImageObject","inLanguage":"tr","@id":"https:\/\/caglayanrefrigeration.com\/#\/schema\/logo\/image\/","url":"https:\/\/caglayanrefrigeration.com\/wp-content\/uploads\/2023\/02\/logo_white.png","contentUrl":"https:\/\/caglayanrefrigeration.com\/wp-content\/uploads\/2023\/02\/logo_white.png","width":270,"height":77,"caption":"\u00c7a\u011flayan Refrigeration"},"image":{"@id":"https:\/\/caglayanrefrigeration.com\/#\/schema\/logo\/image\/"},"sameAs":["https:\/\/x.com\/caglayansogutma","https:\/\/www.instagram.com\/caglayanrefrigeration\/"]}]}},"_links":{"self":[{"href":"https:\/\/caglayanrefrigeration.com\/tr\/wp-json\/wp\/v2\/pages\/15839","targetHints":{"allow":["GET"]}}],"collection":[{"href":"https:\/\/caglayanrefrigeration.com\/tr\/wp-json\/wp\/v2\/pages"}],"about":[{"href":"https:\/\/caglayanrefrigeration.com\/tr\/wp-json\/wp\/v2\/types\/page"}],"author":[{"embeddable":true,"href":"https:\/\/caglayanrefrigeration.com\/tr\/wp-json\/wp\/v2\/users\/1"}],"replies":[{"embeddable":true,"href":"https:\/\/caglayanrefrigeration.com\/tr\/wp-json\/wp\/v2\/comments?post=15839"}],"version-history":[{"count":10,"href":"https:\/\/caglayanrefrigeration.com\/tr\/wp-json\/wp\/v2\/pages\/15839\/revisions"}],"predecessor-version":[{"id":15852,"href":"https:\/\/caglayanrefrigeration.com\/tr\/wp-json\/wp\/v2\/pages\/15839\/revisions\/15852"}],"wp:attachment":[{"href":"https:\/\/caglayanrefrigeration.com\/tr\/wp-json\/wp\/v2\/media?parent=15839"}],"curies":[{"name":"wp","href":"https:\/\/api.w.org\/{rel}","templated":true}]}}