{"id":23334,"date":"2023-11-10T18:40:25","date_gmt":"2023-11-10T15:40:25","guid":{"rendered":"https:\/\/caglayanrefrigeration.com\/?page_id=23334"},"modified":"2024-05-01T17:53:04","modified_gmt":"2024-05-01T14:53:04","slug":"modern-kolelik-ve-insan-kacakciligina-karsi-tutum-politikasi","status":"publish","type":"page","link":"https:\/\/caglayanrefrigeration.com\/tr\/modern-kolelik-ve-insan-kacakciligina-karsi-tutum-politikasi\/","title":{"rendered":"Modern K\u00f6lelik ve \u0130nsan Ka\u00e7ak\u00e7\u0131l\u0131\u011f\u0131na Kar\u015f\u0131 Tutum Politikas\u0131"},"content":{"rendered":"\t\t<div data-elementor-type=\"wp-page\" data-elementor-id=\"23334\" class=\"elementor elementor-23334\">\n\t\t\t\t\t\t<section class=\"wd-negative-gap elementor-section elementor-top-section elementor-element elementor-element-6f99cf00 elementor-section-boxed elementor-section-height-default elementor-section-height-default\" data-id=\"6f99cf00\" data-element_type=\"section\" data-e-type=\"section\">\n\t\t\t\t\t\t<div class=\"elementor-container elementor-column-gap-default\">\n\t\t\t\t\t<div class=\"elementor-column elementor-col-100 elementor-top-column elementor-element elementor-element-16d649b0\" data-id=\"16d649b0\" data-element_type=\"column\" data-e-type=\"column\">\n\t\t\t<div class=\"elementor-widget-wrap elementor-element-populated\">\n\t\t\t\t\t\t<div class=\"elementor-element elementor-element-14405414 color-scheme-inherit text-left elementor-widget elementor-widget-text-editor\" data-id=\"14405414\" data-element_type=\"widget\" data-e-type=\"widget\" data-widget_type=\"text-editor.default\">\n\t\t\t\t<div class=\"elementor-widget-container\">\n\t\t\t\t\t\t\t\t\t\n<p>Bu politika, \u00c7a\u011flayan So\u011futma\u2019n\u0131n Modern K\u00f6lelik ve \u0130nsan Ka\u00e7ak\u00e7\u0131l\u0131\u011f\u0131na kar\u015f\u0131 tutumunu ifade etmek \u00fczere yay\u0131nlanm\u0131\u015ft\u0131r ve \u00c7a\u011flayan So\u011futma\u2019n\u0131n faaliyetlerinde ve tedarik zincirinde insan ka\u00e7ak\u00e7\u0131l\u0131\u011f\u0131n\u0131 ve modern k\u00f6leli\u011fi \u00f6nlemek taahh\u00fctlerini ve att\u0131\u011f\u0131 ad\u0131mlar\u0131 kapsamaktad\u0131r.<\/p>\n<p>\u00c7a\u011flayan So\u011futma A.\u015e. t\u00fcm faaliyetleri ve t\u00fcm payda\u015flar\u0131yla olan ili\u015fkileri, g\u00fcven, ba\u011fl\u0131l\u0131k, dayan\u0131\u015fma, kapsay\u0131c\u0131l\u0131k, d\u00fcr\u00fcstl\u00fck, yenilik\u00e7i olmak, sorumlu y\u00f6netim, s\u00fcrd\u00fcr\u00fclebilirlik ve \u015feffafl\u0131k kurumsal de\u011ferlerine dayanan tutarl\u0131 bir i\u015f eti\u011fi yakla\u015f\u0131m\u0131na dayanmaktad\u0131r. \u00c7a\u011flayan So\u011futma, de\u011ferleri do\u011frultusunda t\u00fcm faaliyetlerinde insan haklar\u0131na sayg\u0131 g\u00f6stermeyi taahh\u00fct etmekte ve i\u015f ortaklar\u0131ndan (tedarik\u00e7iler ve alt y\u00fckleniciler dahil) ayn\u0131 tutumu g\u00f6stermelerini beklemektedir.<\/p>\n<p>\u00c7a\u011flayan So\u011futma, faaliyetlerinin hi\u00e7bir b\u00f6l\u00fcm\u00fcnde modern k\u00f6lelik veya insan ka\u00e7ak\u00e7\u0131l\u0131\u011f\u0131 dahil hi\u00e7bir insan haklar\u0131 ihlaline tolerans g\u00f6stermez.<\/p>\n<p>\u00c7a\u011flayan So\u011futma kurallar\u0131n\u0131, etik de\u011ferlerini ve y\u00f6neti\u015fim bi\u00e7imini, \u015firket faaliyetlerinin hi\u00e7bir b\u00f6l\u00fcm\u00fcnde modern k\u00f6lelik veya insan ka\u00e7ak\u00e7\u0131l\u0131\u011f\u0131 olmamas\u0131n\u0131 sa\u011flama anlay\u0131\u015f\u0131 do\u011frultusunda belirlemekte ve t\u00fcm \u00e7al\u0131\u015fanlar\u0131 ile payla\u015fmaktad\u0131r. \u00c7a\u011flayan So\u011futma t\u00fcm tedarik\u00e7ilerinden de ayn\u0131 hassasiyeti beklemektedir.<\/p>\n<p>\u00c7a\u011flayan So\u011futma, operasyonlar\u0131n\u0131n hi\u00e7bir a\u015famas\u0131nda k\u00f6leli\u011fe ve insan ticaretine tolerans g\u00f6stermemektedir.<\/p>\n<p>\u00c7a\u011flayan So\u011futma, insan haklar\u0131n\u0131 g\u00f6zetmek ve modern k\u00f6lelik risklerini m\u00fcmk\u00fcn olan en erken zamanda tespit etmek ve ortadan kald\u0131rmak i\u00e7in \u00e7al\u0131\u015fmaktad\u0131r.<\/p>\n<p>\u00c7a\u011flayan So\u011futma, t\u00fcm \u00e7al\u0131\u015fanlar\u0131n\u0131, tedarik\u00e7ilerini ve di\u011fer i\u015f ortaklar\u0131n\u0131 modern k\u00f6lelik veya insan ka\u00e7ak\u00e7\u0131l\u0131\u011f\u0131 da dahil olmak \u00fczere insan haklar\u0131 konular\u0131na ili\u015fkin her t\u00fcrl\u00fc sorunu, endi\u015feyi veya \u015f\u00fcpheyi bildirmeye te\u015fvik etmektedir.<\/p>\n<p>\u00c7a\u011flayan So\u011futma, modern k\u00f6leli\u011fe ve insan ticaretine kar\u015f\u0131 eylemlerini izlemeye ve iyile\u015ftirmeye devam edecektir.<\/p>\n\t\t\t\t\t\t\t\t<\/div>\n\t\t\t\t<\/div>\n\t\t\t\t\t<\/div>\n\t\t<\/div>\n\t\t\t\t\t<\/div>\n\t\t<\/section>\n\t\t\t\t<\/div>\n\t\t","protected":false},"excerpt":{"rendered":"<p>Bu politika, \u00c7a\u011flayan So\u011futma\u2019n\u0131n Modern K\u00f6lelik ve \u0130nsan Ka\u00e7ak\u00e7\u0131l\u0131\u011f\u0131na kar\u015f\u0131 tutumunu ifade etmek \u00fczere yay\u0131nlanm\u0131\u015ft\u0131r ve \u00c7a\u011flayan So\u011futma\u2019n\u0131n faaliyetlerinde ve<\/p>\n","protected":false},"author":1,"featured_media":0,"parent":0,"menu_order":0,"comment_status":"closed","ping_status":"closed","template":"elementor_header_footer","meta":{"footnotes":""},"class_list":["post-23334","page","type-page","status-publish","hentry"],"yoast_head":"<!-- This site is optimized with the Yoast SEO plugin v27.5 - https:\/\/yoast.com\/product\/yoast-seo-wordpress\/ -->\n<title>Modern K\u00f6lelik ve \u0130nsan Ka\u00e7ak\u00e7\u0131l\u0131\u011f\u0131na Kar\u015f\u0131 Tutum Politikas\u0131 - \u00c7a\u011flayan Refrigeration<\/title>\n<meta name=\"robots\" content=\"index, follow, max-snippet:-1, max-image-preview:large, max-video-preview:-1\" \/>\n<link rel=\"canonical\" href=\"https:\/\/caglayanrefrigeration.com\/modern-kolelik-ve-insan-kacakciligina-karsi-tutum-politikasi\/\" \/>\n<meta property=\"og:locale\" content=\"tr_TR\" \/>\n<meta property=\"og:type\" content=\"article\" \/>\n<meta property=\"og:title\" content=\"Modern K\u00f6lelik ve \u0130nsan Ka\u00e7ak\u00e7\u0131l\u0131\u011f\u0131na Kar\u015f\u0131 Tutum Politikas\u0131 - \u00c7a\u011flayan Refrigeration\" \/>\n<meta property=\"og:description\" content=\"Bu politika, \u00c7a\u011flayan So\u011futma\u2019n\u0131n Modern K\u00f6lelik ve \u0130nsan Ka\u00e7ak\u00e7\u0131l\u0131\u011f\u0131na kar\u015f\u0131 tutumunu ifade etmek \u00fczere yay\u0131nlanm\u0131\u015ft\u0131r ve \u00c7a\u011flayan So\u011futma\u2019n\u0131n faaliyetlerinde ve\" \/>\n<meta property=\"og:url\" content=\"https:\/\/caglayanrefrigeration.com\/modern-kolelik-ve-insan-kacakciligina-karsi-tutum-politikasi\/\" \/>\n<meta property=\"og:site_name\" content=\"\u00c7a\u011flayan Refrigeration\" \/>\n<meta property=\"article:modified_time\" content=\"2024-05-01T14:53:04+00:00\" \/>\n<meta name=\"twitter:card\" content=\"summary_large_image\" \/>\n<meta name=\"twitter:site\" content=\"@caglayansogutma\" \/>\n<meta name=\"twitter:label1\" content=\"Tahmini okuma s\u00fcresi\" \/>\n\t<meta name=\"twitter:data1\" content=\"1 dakika\" \/>\n<script type=\"application\/ld+json\" class=\"yoast-schema-graph\">{\"@context\":\"https:\\\/\\\/schema.org\",\"@graph\":[{\"@type\":\"WebPage\",\"@id\":\"https:\\\/\\\/caglayanrefrigeration.com\\\/modern-kolelik-ve-insan-kacakciligina-karsi-tutum-politikasi\\\/\",\"url\":\"https:\\\/\\\/caglayanrefrigeration.com\\\/modern-kolelik-ve-insan-kacakciligina-karsi-tutum-politikasi\\\/\",\"name\":\"Modern K\u00f6lelik ve \u0130nsan Ka\u00e7ak\u00e7\u0131l\u0131\u011f\u0131na Kar\u015f\u0131 Tutum Politikas\u0131 - \u00c7a\u011flayan Refrigeration\",\"isPartOf\":{\"@id\":\"https:\\\/\\\/caglayanrefrigeration.com\\\/#website\"},\"datePublished\":\"2023-11-10T15:40:25+00:00\",\"dateModified\":\"2024-05-01T14:53:04+00:00\",\"breadcrumb\":{\"@id\":\"https:\\\/\\\/caglayanrefrigeration.com\\\/modern-kolelik-ve-insan-kacakciligina-karsi-tutum-politikasi\\\/#breadcrumb\"},\"inLanguage\":\"tr\",\"potentialAction\":[{\"@type\":\"ReadAction\",\"target\":[\"https:\\\/\\\/caglayanrefrigeration.com\\\/modern-kolelik-ve-insan-kacakciligina-karsi-tutum-politikasi\\\/\"]}]},{\"@type\":\"BreadcrumbList\",\"@id\":\"https:\\\/\\\/caglayanrefrigeration.com\\\/modern-kolelik-ve-insan-kacakciligina-karsi-tutum-politikasi\\\/#breadcrumb\",\"itemListElement\":[{\"@type\":\"ListItem\",\"position\":1,\"name\":\"Home\",\"item\":\"https:\\\/\\\/caglayanrefrigeration.com\\\/\"},{\"@type\":\"ListItem\",\"position\":2,\"name\":\"Modern K\u00f6lelik ve \u0130nsan Ka\u00e7ak\u00e7\u0131l\u0131\u011f\u0131na Kar\u015f\u0131 Tutum Politikas\u0131\"}]},{\"@type\":\"WebSite\",\"@id\":\"https:\\\/\\\/caglayanrefrigeration.com\\\/#website\",\"url\":\"https:\\\/\\\/caglayanrefrigeration.com\\\/\",\"name\":\"\u00c7a\u011flayan Refrigeration\",\"description\":\"\u00c7a\u011flayan So\u011futma\",\"publisher\":{\"@id\":\"https:\\\/\\\/caglayanrefrigeration.com\\\/#organization\"},\"potentialAction\":[{\"@type\":\"SearchAction\",\"target\":{\"@type\":\"EntryPoint\",\"urlTemplate\":\"https:\\\/\\\/caglayanrefrigeration.com\\\/?s={search_term_string}\"},\"query-input\":{\"@type\":\"PropertyValueSpecification\",\"valueRequired\":true,\"valueName\":\"search_term_string\"}}],\"inLanguage\":\"tr\"},{\"@type\":\"Organization\",\"@id\":\"https:\\\/\\\/caglayanrefrigeration.com\\\/#organization\",\"name\":\"\u00c7a\u011flayan Refrigeration\",\"url\":\"https:\\\/\\\/caglayanrefrigeration.com\\\/\",\"logo\":{\"@type\":\"ImageObject\",\"inLanguage\":\"tr\",\"@id\":\"https:\\\/\\\/caglayanrefrigeration.com\\\/#\\\/schema\\\/logo\\\/image\\\/\",\"url\":\"https:\\\/\\\/caglayanrefrigeration.com\\\/wp-content\\\/uploads\\\/2023\\\/02\\\/logo_white.png\",\"contentUrl\":\"https:\\\/\\\/caglayanrefrigeration.com\\\/wp-content\\\/uploads\\\/2023\\\/02\\\/logo_white.png\",\"width\":270,\"height\":77,\"caption\":\"\u00c7a\u011flayan Refrigeration\"},\"image\":{\"@id\":\"https:\\\/\\\/caglayanrefrigeration.com\\\/#\\\/schema\\\/logo\\\/image\\\/\"},\"sameAs\":[\"https:\\\/\\\/x.com\\\/caglayansogutma\",\"https:\\\/\\\/www.instagram.com\\\/caglayanrefrigeration\\\/\"]}]}<\/script>\n<!-- \/ Yoast SEO plugin. -->","yoast_head_json":{"title":"Modern K\u00f6lelik ve \u0130nsan Ka\u00e7ak\u00e7\u0131l\u0131\u011f\u0131na Kar\u015f\u0131 Tutum Politikas\u0131 - \u00c7a\u011flayan Refrigeration","robots":{"index":"index","follow":"follow","max-snippet":"max-snippet:-1","max-image-preview":"max-image-preview:large","max-video-preview":"max-video-preview:-1"},"canonical":"https:\/\/caglayanrefrigeration.com\/modern-kolelik-ve-insan-kacakciligina-karsi-tutum-politikasi\/","og_locale":"tr_TR","og_type":"article","og_title":"Modern K\u00f6lelik ve \u0130nsan Ka\u00e7ak\u00e7\u0131l\u0131\u011f\u0131na Kar\u015f\u0131 Tutum Politikas\u0131 - \u00c7a\u011flayan Refrigeration","og_description":"Bu politika, \u00c7a\u011flayan So\u011futma\u2019n\u0131n Modern K\u00f6lelik ve \u0130nsan Ka\u00e7ak\u00e7\u0131l\u0131\u011f\u0131na kar\u015f\u0131 tutumunu ifade etmek \u00fczere yay\u0131nlanm\u0131\u015ft\u0131r ve \u00c7a\u011flayan So\u011futma\u2019n\u0131n faaliyetlerinde ve","og_url":"https:\/\/caglayanrefrigeration.com\/modern-kolelik-ve-insan-kacakciligina-karsi-tutum-politikasi\/","og_site_name":"\u00c7a\u011flayan Refrigeration","article_modified_time":"2024-05-01T14:53:04+00:00","twitter_card":"summary_large_image","twitter_site":"@caglayansogutma","twitter_misc":{"Tahmini okuma s\u00fcresi":"1 dakika"},"schema":{"@context":"https:\/\/schema.org","@graph":[{"@type":"WebPage","@id":"https:\/\/caglayanrefrigeration.com\/modern-kolelik-ve-insan-kacakciligina-karsi-tutum-politikasi\/","url":"https:\/\/caglayanrefrigeration.com\/modern-kolelik-ve-insan-kacakciligina-karsi-tutum-politikasi\/","name":"Modern K\u00f6lelik ve \u0130nsan Ka\u00e7ak\u00e7\u0131l\u0131\u011f\u0131na Kar\u015f\u0131 Tutum Politikas\u0131 - \u00c7a\u011flayan Refrigeration","isPartOf":{"@id":"https:\/\/caglayanrefrigeration.com\/#website"},"datePublished":"2023-11-10T15:40:25+00:00","dateModified":"2024-05-01T14:53:04+00:00","breadcrumb":{"@id":"https:\/\/caglayanrefrigeration.com\/modern-kolelik-ve-insan-kacakciligina-karsi-tutum-politikasi\/#breadcrumb"},"inLanguage":"tr","potentialAction":[{"@type":"ReadAction","target":["https:\/\/caglayanrefrigeration.com\/modern-kolelik-ve-insan-kacakciligina-karsi-tutum-politikasi\/"]}]},{"@type":"BreadcrumbList","@id":"https:\/\/caglayanrefrigeration.com\/modern-kolelik-ve-insan-kacakciligina-karsi-tutum-politikasi\/#breadcrumb","itemListElement":[{"@type":"ListItem","position":1,"name":"Home","item":"https:\/\/caglayanrefrigeration.com\/"},{"@type":"ListItem","position":2,"name":"Modern K\u00f6lelik ve \u0130nsan Ka\u00e7ak\u00e7\u0131l\u0131\u011f\u0131na Kar\u015f\u0131 Tutum Politikas\u0131"}]},{"@type":"WebSite","@id":"https:\/\/caglayanrefrigeration.com\/#website","url":"https:\/\/caglayanrefrigeration.com\/","name":"\u00c7a\u011flayan Refrigeration","description":"\u00c7a\u011flayan So\u011futma","publisher":{"@id":"https:\/\/caglayanrefrigeration.com\/#organization"},"potentialAction":[{"@type":"SearchAction","target":{"@type":"EntryPoint","urlTemplate":"https:\/\/caglayanrefrigeration.com\/?s={search_term_string}"},"query-input":{"@type":"PropertyValueSpecification","valueRequired":true,"valueName":"search_term_string"}}],"inLanguage":"tr"},{"@type":"Organization","@id":"https:\/\/caglayanrefrigeration.com\/#organization","name":"\u00c7a\u011flayan Refrigeration","url":"https:\/\/caglayanrefrigeration.com\/","logo":{"@type":"ImageObject","inLanguage":"tr","@id":"https:\/\/caglayanrefrigeration.com\/#\/schema\/logo\/image\/","url":"https:\/\/caglayanrefrigeration.com\/wp-content\/uploads\/2023\/02\/logo_white.png","contentUrl":"https:\/\/caglayanrefrigeration.com\/wp-content\/uploads\/2023\/02\/logo_white.png","width":270,"height":77,"caption":"\u00c7a\u011flayan Refrigeration"},"image":{"@id":"https:\/\/caglayanrefrigeration.com\/#\/schema\/logo\/image\/"},"sameAs":["https:\/\/x.com\/caglayansogutma","https:\/\/www.instagram.com\/caglayanrefrigeration\/"]}]}},"_links":{"self":[{"href":"https:\/\/caglayanrefrigeration.com\/tr\/wp-json\/wp\/v2\/pages\/23334","targetHints":{"allow":["GET"]}}],"collection":[{"href":"https:\/\/caglayanrefrigeration.com\/tr\/wp-json\/wp\/v2\/pages"}],"about":[{"href":"https:\/\/caglayanrefrigeration.com\/tr\/wp-json\/wp\/v2\/types\/page"}],"author":[{"embeddable":true,"href":"https:\/\/caglayanrefrigeration.com\/tr\/wp-json\/wp\/v2\/users\/1"}],"replies":[{"embeddable":true,"href":"https:\/\/caglayanrefrigeration.com\/tr\/wp-json\/wp\/v2\/comments?post=23334"}],"version-history":[{"count":7,"href":"https:\/\/caglayanrefrigeration.com\/tr\/wp-json\/wp\/v2\/pages\/23334\/revisions"}],"predecessor-version":[{"id":23712,"href":"https:\/\/caglayanrefrigeration.com\/tr\/wp-json\/wp\/v2\/pages\/23334\/revisions\/23712"}],"wp:attachment":[{"href":"https:\/\/caglayanrefrigeration.com\/tr\/wp-json\/wp\/v2\/media?parent=23334"}],"curies":[{"name":"wp","href":"https:\/\/api.w.org\/{rel}","templated":true}]}}